{"id":12,"date":"2013-12-18T18:39:19","date_gmt":"2013-12-18T21:39:19","guid":{"rendered":"http:\/\/arquimaster.com.ar\/web\/?page_id=12"},"modified":"2026-04-07T17:38:00","modified_gmt":"2026-04-07T20:38:00","slug":"contacto","status":"publish","type":"page","link":"https:\/\/www.arquimaster.com.ar\/web\/contacto\/","title":{"rendered":"Contacto"},"content":{"rendered":"<div class=\"b812932af2e751442846f039925109de\" data-index=\"1\" style=\"float: none; margin:25px 0 25px 0; text-align:center;\">\n<script async src=\"https:\/\/pagead2.googlesyndication.com\/pagead\/js\/adsbygoogle.js\"><\/script>\r\n<!-- Arquimaster (superior) -->\r\n<ins class=\"adsbygoogle\"\r\n     style=\"display:block\"\r\n     data-ad-client=\"ca-pub-6351072698456832\"\r\n     data-ad-slot=\"6455489680\"\r\n     data-ad-format=\"auto\"\r\n     data-full-width-responsive=\"true\"><\/ins>\r\n<script>\r\n     (adsbygoogle = window.adsbygoogle || []).push({});\r\n<\/script>\n<\/div>\n<p>En esta secci\u00f3n encontrar\u00e1s la informaci\u00f3n de contacto de <strong>Arquimaster<\/strong> y los requisitos para publicar proyectos.<\/p>\n\n\n<div style=\"height:20px\" aria-hidden=\"true\" class=\"wp-block-spacer\"><\/div>\n\n\n\n<p style=\"font-size:32px\">\u00a1Hola!<\/p>\n\n\n<p><strong>Arquimaster<\/strong> es una web de arquitectura, dise\u00f1o y construcci\u00f3n.<\/p>\n<p>Publicamos y difundimos informaci\u00f3n del sector de la arquitectura, dise\u00f1o y construcci\u00f3n.<\/p>\n<p>&#8211; <strong>No comercializamos ning\u00fan producto o servicio<\/strong>, solo difundimos la informaci\u00f3n.<br \/>&#8211; <strong>No realizamos obras o proyectos<\/strong>, solo publicamos los trabajos de los colegas.<br \/>&#8211; <strong>No dictamos cursos<\/strong>, solo los damos a conocer en la agenda.<\/p>\n<p>Para mas informaci\u00f3n sobre un producto, servicio, proyecto, curso, etc. publicados en esta web, por favor comunicarse directamente con la empresa, instituci\u00f3n o estudio de arquitectura mencionado en la publicaci\u00f3n.<\/p>\n<p>Para comunicarse con <strong>Arquimaster<\/strong> escribir al email <strong>hola@arquimaster.com.ar<\/strong> (\u00fanica direcci\u00f3n de contacto). Solo por asuntos relacionados con este sitio web dedicado a la difusi\u00f3n de arquitectura, dise\u00f1o y construcci\u00f3n.<\/p>\n\n\n<div style=\"height:20px\" aria-hidden=\"true\" class=\"wp-block-spacer\"><\/div>\n\n\n\n<p style=\"font-size:32px\">Publicar<\/p>\n\n\n<p>Para <strong>publicar<\/strong> un proyecto en Arquimaster escribir al email <strong>hola@arquimaster.com.ar<\/strong> (las publicaciones son 100% gratuitas).<\/p>\n<p>Tambi\u00e9n recibimos material en la casilla <strong>hola@arquimaster.com.ar<\/strong> mediante Dropbox, Google Drive, WeTransfer y servicios similares de intercambio de archivos.<\/p>\n\n\n<div style=\"height:20px\" aria-hidden=\"true\" class=\"wp-block-spacer\"><\/div>\n\n\n<h3 style=\"padding-left: 40px;\">Para <strong>publicar un proyecto<\/strong> enviar:<\/h3>\n<p style=\"padding-left: 40px;\">&#8211; Im\u00e1genes<br \/>&#8211; Planos<br \/>&#8211; Memoria descriptiva<br \/>&#8211; Ficha tecnica<br \/>&#8211; Datos de contacto y\/o informacion del proyectista<br \/>&#8211; Datos de los autores de las fotografias o renders<br \/><em><span style=\"color: #800000;\">La publicacion es 100% gratuita<\/span><br \/><\/em>Ancho y\/o alto minimo recomendado de imagen: 1500 pixeles<br \/>Texto en Word o PDF editable<\/p>\n\n\n<div style=\"height:20px\" aria-hidden=\"true\" class=\"wp-block-spacer\"><\/div>\n\n\n<p>Por consultas adicionales comunicarse al email <strong>hola@arquimaster.com.ar<\/strong><\/p>\n<p>Los env\u00edos que no cumplan los requisitos mencionados no podr\u00e1n ser publicados.<\/p>\n\n\n<div style=\"height:20px\" aria-hidden=\"true\" class=\"wp-block-spacer\"><\/div>\n\n\n<h2><strong>Condiciones de uso<br \/><\/strong>Informaci\u00f3n importante<\/h2>\n<p><strong>Acerca del material publicado en este sitio web: Todas las imagenes han sido enviadas por los autores de los respectivos proyectos, empresas o agencias de prensa y publicadas con su permiso. Ocasionalmente utilizamos imagenes de Unsplash y realizadas con IA.<\/strong><\/p>\n<p><strong>Regarding the material published on this website: All images have been submitted by the authors of the respective projects, companies, or press agencies and published with their permission. We occasionally use images from Unsplash and AI-generated images.<\/strong><\/p>\n<p>Arquimaster es una web de arquitectura, dise\u00f1o y construccion.<\/p>\n<p>Arquimaster utiliza servicios publicitarios de terceros para mostrar anuncios cuando visit\u00e1s el sitio web. Estas compa\u00f1\u00edas pueden utilizar informaci\u00f3n (a excepci\u00f3n de tu nombre, direcci\u00f3n de correo electr\u00f3nico o n\u00famero de tel\u00e9fono) sobre tus visitas a \u00e9ste y otros sitios con el prop\u00f3sito de ofrecerte anuncios sobre bienes y servicios que te interesen.<\/p>\n<p>Google utiliza empresas publicitarias asociadas para publicar anuncios cuando los usuarios visitan nuestro sitio web. Es posible que estas empresas usen la informaci\u00f3n que obtienen de las visitas a este y a otros sitios web (sin incluir nombre, direcci\u00f3n, direcci\u00f3n de correo electr\u00f3nico o n\u00famero de tel\u00e9fono) para ofrecer a los usuarios anuncios sobre productos y servicios que les resulten de inter\u00e9s. Si desea obtener m\u00e1s informaci\u00f3n sobre esta pr\u00e1ctica y conocer las opciones de que dispone para impedir que estas empresas usen dicha informaci\u00f3n, haga <a href=\"http:\/\/www.networkadvertising.org\" target=\"_blank\" rel=\"noopener noreferrer\">click aqu\u00ed<\/a>.<\/p>\n<p>Arquimaster no se hace responsable del uso que puedas darle a la informaci\u00f3n aqu\u00ed suministrada ni garantiza el 100% de exactitud de la misma.<\/p>\n<p>Toda persona que visita Arquimaster y hace uso de sus recursos, acepta las condiciones de uso descriptas en esta p\u00e1gina.<\/p>\n<div style=\"font-size: 0px; height: 0px; line-height: 0px; margin: 0; padding: 0; clear: both;\"><\/div>","protected":false},"excerpt":{"rendered":"<p>En esta secci\u00f3n encontrar\u00e1s la informaci\u00f3n de contacto de Arquimaster y los requisitos para publicar proyectos. \u00a1Hola! Arquimaster es una web de arquitectura, dise\u00f1o y construcci\u00f3n. Publicamos y difundimos informaci\u00f3n del sector de la arquitectura, dise\u00f1o y construcci\u00f3n. &#8211; No comercializamos ning\u00fan producto o servicio, solo difundimos la informaci\u00f3n.&#8211; No realizamos obras o proyectos, solo &#8230; <\/p>\n<p class=\"read-more-container\"><a title=\"Contacto\" class=\"read-more button\" href=\"https:\/\/www.arquimaster.com.ar\/web\/contacto\/#more-12\">M\u00e1s info y fotos&#8230;<span class=\"screen-reader-text\">Contacto<\/span><\/a><\/p>\n","protected":false},"author":1,"featured_media":0,"parent":0,"menu_order":0,"comment_status":"closed","ping_status":"closed","template":"","meta":{"_uag_custom_page_level_css":"","footnotes":""},"class_list":["post-12","page","type-page","status-publish"],"yoast_head":"<!-- This site is optimized with the Yoast SEO plugin v27.3 - https:\/\/yoast.com\/product\/yoast-seo-wordpress\/ -->\n<title>Contacto - Arquimaster<\/title>\n<meta name=\"robots\" content=\"index, follow, max-snippet:-1, max-image-preview:large, max-video-preview:-1\" \/>\n<link rel=\"canonical\" href=\"https:\/\/www.arquimaster.com.ar\/web\/contacto\/\" \/>\n<meta property=\"og:locale\" content=\"es_ES\" \/>\n<meta property=\"og:type\" content=\"article\" \/>\n<meta property=\"og:title\" content=\"Contacto - Arquimaster\" \/>\n<meta property=\"og:description\" content=\"En esta secci\u00f3n encontrar\u00e1s la informaci\u00f3n de contacto de Arquimaster y los requisitos para publicar proyectos. \u00a1Hola! Arquimaster es una web de arquitectura, dise\u00f1o y construcci\u00f3n. Publicamos y difundimos informaci\u00f3n del sector de la arquitectura, dise\u00f1o y construcci\u00f3n. &#8211; No comercializamos ning\u00fan producto o servicio, solo difundimos la informaci\u00f3n.&#8211; No realizamos obras o proyectos, solo ... M\u00e1s info y fotos...Contacto\" \/>\n<meta property=\"og:url\" content=\"https:\/\/www.arquimaster.com.ar\/web\/contacto\/\" \/>\n<meta property=\"og:site_name\" content=\"Arquimaster\" \/>\n<meta property=\"article:publisher\" content=\"http:\/\/www.facebook.com\/ARQUIMASTER.com.ar\" \/>\n<meta property=\"article:modified_time\" content=\"2026-04-07T20:38:00+00:00\" \/>\n<meta property=\"og:image\" content=\"https:\/\/www.arquimaster.com.ar\/web\/wp-content\/uploads\/2018\/10\/arquimaster.jpg\" \/>\n\t<meta property=\"og:image:width\" content=\"400\" \/>\n\t<meta property=\"og:image:height\" content=\"400\" \/>\n\t<meta property=\"og:image:type\" content=\"image\/jpeg\" \/>\n<meta name=\"twitter:card\" content=\"summary_large_image\" \/>\n<meta name=\"twitter:site\" content=\"@arquimaster\" \/>\n<meta name=\"twitter:label1\" content=\"Tiempo de lectura\" \/>\n\t<meta name=\"twitter:data1\" content=\"3 minutos\" \/>\n<script type=\"application\/ld+json\" class=\"yoast-schema-graph\">{\"@context\":\"https:\\\/\\\/schema.org\",\"@graph\":[{\"@type\":\"WebPage\",\"@id\":\"https:\\\/\\\/www.arquimaster.com.ar\\\/web\\\/contacto\\\/\",\"url\":\"https:\\\/\\\/www.arquimaster.com.ar\\\/web\\\/contacto\\\/\",\"name\":\"Contacto - Arquimaster\",\"isPartOf\":{\"@id\":\"https:\\\/\\\/www.arquimaster.com.ar\\\/web\\\/#website\"},\"datePublished\":\"2013-12-18T21:39:19+00:00\",\"dateModified\":\"2026-04-07T20:38:00+00:00\",\"breadcrumb\":{\"@id\":\"https:\\\/\\\/www.arquimaster.com.ar\\\/web\\\/contacto\\\/#breadcrumb\"},\"inLanguage\":\"es\",\"potentialAction\":[{\"@type\":\"ReadAction\",\"target\":[\"https:\\\/\\\/www.arquimaster.com.ar\\\/web\\\/contacto\\\/\"]}]},{\"@type\":\"BreadcrumbList\",\"@id\":\"https:\\\/\\\/www.arquimaster.com.ar\\\/web\\\/contacto\\\/#breadcrumb\",\"itemListElement\":[{\"@type\":\"ListItem\",\"position\":1,\"name\":\"Portada\",\"item\":\"https:\\\/\\\/www.arquimaster.com.ar\\\/web\\\/\"},{\"@type\":\"ListItem\",\"position\":2,\"name\":\"Contacto\"}]},{\"@type\":\"WebSite\",\"@id\":\"https:\\\/\\\/www.arquimaster.com.ar\\\/web\\\/#website\",\"url\":\"https:\\\/\\\/www.arquimaster.com.ar\\\/web\\\/\",\"name\":\"Arquimaster\",\"description\":\"Web de arquitectura, dise\u00f1o y construccion\",\"publisher\":{\"@id\":\"https:\\\/\\\/www.arquimaster.com.ar\\\/web\\\/#organization\"},\"potentialAction\":[{\"@type\":\"SearchAction\",\"target\":{\"@type\":\"EntryPoint\",\"urlTemplate\":\"https:\\\/\\\/www.arquimaster.com.ar\\\/web\\\/?s={search_term_string}\"},\"query-input\":{\"@type\":\"PropertyValueSpecification\",\"valueRequired\":true,\"valueName\":\"search_term_string\"}}],\"inLanguage\":\"es\"},{\"@type\":\"Organization\",\"@id\":\"https:\\\/\\\/www.arquimaster.com.ar\\\/web\\\/#organization\",\"name\":\"Arquimaster\",\"url\":\"https:\\\/\\\/www.arquimaster.com.ar\\\/web\\\/\",\"logo\":{\"@type\":\"ImageObject\",\"inLanguage\":\"es\",\"@id\":\"https:\\\/\\\/www.arquimaster.com.ar\\\/web\\\/#\\\/schema\\\/logo\\\/image\\\/\",\"url\":\"https:\\\/\\\/www.arquimaster.com.ar\\\/web\\\/wp-content\\\/uploads\\\/2022\\\/06\\\/arquimaster.png\",\"contentUrl\":\"https:\\\/\\\/www.arquimaster.com.ar\\\/web\\\/wp-content\\\/uploads\\\/2022\\\/06\\\/arquimaster.png\",\"width\":594,\"height\":78,\"caption\":\"Arquimaster\"},\"image\":{\"@id\":\"https:\\\/\\\/www.arquimaster.com.ar\\\/web\\\/#\\\/schema\\\/logo\\\/image\\\/\"},\"sameAs\":[\"http:\\\/\\\/www.facebook.com\\\/ARQUIMASTER.com.ar\",\"https:\\\/\\\/x.com\\\/arquimaster\",\"https:\\\/\\\/www.instagram.com\\\/arquimasterblog\\\/\",\"https:\\\/\\\/www.linkedin.com\\\/company\\\/arquimaster\",\"https:\\\/\\\/www.pinterest.com\\\/arquimaster\",\"https:\\\/\\\/t.me\\\/arquimaster\"]}]}<\/script>\n<!-- \/ Yoast SEO plugin. -->","yoast_head_json":{"title":"Contacto - Arquimaster","robots":{"index":"index","follow":"follow","max-snippet":"max-snippet:-1","max-image-preview":"max-image-preview:large","max-video-preview":"max-video-preview:-1"},"canonical":"https:\/\/www.arquimaster.com.ar\/web\/contacto\/","og_locale":"es_ES","og_type":"article","og_title":"Contacto - Arquimaster","og_description":"En esta secci\u00f3n encontrar\u00e1s la informaci\u00f3n de contacto de Arquimaster y los requisitos para publicar proyectos. \u00a1Hola! Arquimaster es una web de arquitectura, dise\u00f1o y construcci\u00f3n. Publicamos y difundimos informaci\u00f3n del sector de la arquitectura, dise\u00f1o y construcci\u00f3n. &#8211; No comercializamos ning\u00fan producto o servicio, solo difundimos la informaci\u00f3n.&#8211; No realizamos obras o proyectos, solo ... M\u00e1s info y fotos...Contacto","og_url":"https:\/\/www.arquimaster.com.ar\/web\/contacto\/","og_site_name":"Arquimaster","article_publisher":"http:\/\/www.facebook.com\/ARQUIMASTER.com.ar","article_modified_time":"2026-04-07T20:38:00+00:00","og_image":[{"width":400,"height":400,"url":"https:\/\/www.arquimaster.com.ar\/web\/wp-content\/uploads\/2018\/10\/arquimaster.jpg","type":"image\/jpeg"}],"twitter_card":"summary_large_image","twitter_site":"@arquimaster","twitter_misc":{"Tiempo de lectura":"3 minutos"},"schema":{"@context":"https:\/\/schema.org","@graph":[{"@type":"WebPage","@id":"https:\/\/www.arquimaster.com.ar\/web\/contacto\/","url":"https:\/\/www.arquimaster.com.ar\/web\/contacto\/","name":"Contacto - Arquimaster","isPartOf":{"@id":"https:\/\/www.arquimaster.com.ar\/web\/#website"},"datePublished":"2013-12-18T21:39:19+00:00","dateModified":"2026-04-07T20:38:00+00:00","breadcrumb":{"@id":"https:\/\/www.arquimaster.com.ar\/web\/contacto\/#breadcrumb"},"inLanguage":"es","potentialAction":[{"@type":"ReadAction","target":["https:\/\/www.arquimaster.com.ar\/web\/contacto\/"]}]},{"@type":"BreadcrumbList","@id":"https:\/\/www.arquimaster.com.ar\/web\/contacto\/#breadcrumb","itemListElement":[{"@type":"ListItem","position":1,"name":"Portada","item":"https:\/\/www.arquimaster.com.ar\/web\/"},{"@type":"ListItem","position":2,"name":"Contacto"}]},{"@type":"WebSite","@id":"https:\/\/www.arquimaster.com.ar\/web\/#website","url":"https:\/\/www.arquimaster.com.ar\/web\/","name":"Arquimaster","description":"Web de arquitectura, dise\u00f1o y construccion","publisher":{"@id":"https:\/\/www.arquimaster.com.ar\/web\/#organization"},"potentialAction":[{"@type":"SearchAction","target":{"@type":"EntryPoint","urlTemplate":"https:\/\/www.arquimaster.com.ar\/web\/?s={search_term_string}"},"query-input":{"@type":"PropertyValueSpecification","valueRequired":true,"valueName":"search_term_string"}}],"inLanguage":"es"},{"@type":"Organization","@id":"https:\/\/www.arquimaster.com.ar\/web\/#organization","name":"Arquimaster","url":"https:\/\/www.arquimaster.com.ar\/web\/","logo":{"@type":"ImageObject","inLanguage":"es","@id":"https:\/\/www.arquimaster.com.ar\/web\/#\/schema\/logo\/image\/","url":"https:\/\/www.arquimaster.com.ar\/web\/wp-content\/uploads\/2022\/06\/arquimaster.png","contentUrl":"https:\/\/www.arquimaster.com.ar\/web\/wp-content\/uploads\/2022\/06\/arquimaster.png","width":594,"height":78,"caption":"Arquimaster"},"image":{"@id":"https:\/\/www.arquimaster.com.ar\/web\/#\/schema\/logo\/image\/"},"sameAs":["http:\/\/www.facebook.com\/ARQUIMASTER.com.ar","https:\/\/x.com\/arquimaster","https:\/\/www.instagram.com\/arquimasterblog\/","https:\/\/www.linkedin.com\/company\/arquimaster","https:\/\/www.pinterest.com\/arquimaster","https:\/\/t.me\/arquimaster"]}]}},"uagb_featured_image_src":{"full":false,"thumbnail":false,"medium":false,"medium_large":false,"large":false,"1536x1536":false,"2048x2048":false},"uagb_author_info":{"display_name":"Arquimaster","author_link":"https:\/\/www.arquimaster.com.ar\/web\/author\/arquimaster\/"},"uagb_comment_info":0,"uagb_excerpt":"En esta secci\u00f3n encontrar\u00e1s la informaci\u00f3n de contacto de Arquimaster y los requisitos para publicar proyectos. \u00a1Hola! Arquimaster es una web de arquitectura, dise\u00f1o y construcci\u00f3n. Publicamos y difundimos informaci\u00f3n del sector de la arquitectura, dise\u00f1o y construcci\u00f3n. &#8211; No comercializamos ning\u00fan producto o servicio, solo difundimos la informaci\u00f3n.&#8211; No realizamos obras o proyectos, solo&hellip;","_links":{"self":[{"href":"https:\/\/www.arquimaster.com.ar\/web\/wp-json\/wp\/v2\/pages\/12","targetHints":{"allow":["GET"]}}],"collection":[{"href":"https:\/\/www.arquimaster.com.ar\/web\/wp-json\/wp\/v2\/pages"}],"about":[{"href":"https:\/\/www.arquimaster.com.ar\/web\/wp-json\/wp\/v2\/types\/page"}],"author":[{"embeddable":true,"href":"https:\/\/www.arquimaster.com.ar\/web\/wp-json\/wp\/v2\/users\/1"}],"replies":[{"embeddable":true,"href":"https:\/\/www.arquimaster.com.ar\/web\/wp-json\/wp\/v2\/comments?post=12"}],"version-history":[{"count":45,"href":"https:\/\/www.arquimaster.com.ar\/web\/wp-json\/wp\/v2\/pages\/12\/revisions"}],"predecessor-version":[{"id":88386,"href":"https:\/\/www.arquimaster.com.ar\/web\/wp-json\/wp\/v2\/pages\/12\/revisions\/88386"}],"wp:attachment":[{"href":"https:\/\/www.arquimaster.com.ar\/web\/wp-json\/wp\/v2\/media?parent=12"}],"curies":[{"name":"wp","href":"https:\/\/api.w.org\/{rel}","templated":true}]}}