{"id":162,"date":"2013-12-18T18:53:39","date_gmt":"2013-12-18T18:53:39","guid":{"rendered":"http:\/\/www.arquimaster.com.ar\/web\/?page_id=162"},"modified":"2026-03-15T16:32:26","modified_gmt":"2026-03-15T19:32:26","slug":"newsletter","status":"publish","type":"page","link":"https:\/\/www.arquimaster.com.ar\/web\/newsletter\/","title":{"rendered":"Suscripci\u00f3n a Newsletter"},"content":{"rendered":"<div class=\"b812932af2e751442846f039925109de\" data-index=\"1\" style=\"float: none; margin:25px 0 25px 0; text-align:center;\">\n<script async src=\"https:\/\/pagead2.googlesyndication.com\/pagead\/js\/adsbygoogle.js\"><\/script>\r\n<!-- Arquimaster (superior) -->\r\n<ins class=\"adsbygoogle\"\r\n     style=\"display:block\"\r\n     data-ad-client=\"ca-pub-6351072698456832\"\r\n     data-ad-slot=\"6455489680\"\r\n     data-ad-format=\"auto\"\r\n     data-full-width-responsive=\"true\"><\/ins>\r\n<script>\r\n     (adsbygoogle = window.adsbygoogle || []).push({});\r\n<\/script>\n<\/div>\n<p>Para subscribirte al <strong>newsletter de Arquimaster<\/strong> completa el siguiente formulario:<\/p>\n\n\n<iframe data-skip-lazy=\"\" src=\"https:\/\/arquimaster.ipzmarketing.com\/f\/o7SGbHYSG9I\" frameborder=\"0\" scrolling=\"no\" width=\"100%\" class=\"ipz-iframe\"><\/iframe>\n<script data-cfasync=\"false\" type=\"text\/javascript\" src=\"https:\/\/assets.ipzmarketing.com\/assets\/signup_form\/iframe_v1.js\"><\/script>\n\n\n\n<div style=\"height:20px\" aria-hidden=\"true\" class=\"wp-block-spacer\"><\/div>\n\n\n<p>Peri\u00f3dicamente recibir\u00e1s un resumen de los contenidos m\u00e1s destacados publicados en Arquimaster, adem\u00e1s de promociones y novedades de empresas del sector. <strong>Es gratis y puedes desuscribirte cuando lo desees.<\/strong><\/p>\n\n\n<div style=\"height:17px\" aria-hidden=\"true\" class=\"wp-block-spacer\"><\/div>\n\n\n\n<p style=\"font-size:32px\">Redes Sociales<\/p>\n\n\n<p>\u00danete a la comunidad de Arquimaster clickeando en los \u00edconos de las redes sociales:<\/p>\n\n\n<div class=\"wp-block-columns is-layout-flex wp-container-core-columns-is-layout-9d6595d7 wp-block-columns-is-layout-flex\">\n<div class=\"wp-block-column is-layout-flow wp-block-column-is-layout-flow\"><div class=\"wp-block-image\">\n<figure class=\"aligncenter size-full is-resized\"><a href=\"https:\/\/www.facebook.com\/ARQUIMASTER.com.ar\" target=\"_blank\" rel=\"noopener\"><img loading=\"lazy\" decoding=\"async\" width=\"24\" height=\"24\" src=\"https:\/\/www.arquimaster.com.ar\/web\/wp-content\/uploads\/2022\/03\/facebook_24.png\" alt=\"Arquimaster en Facebook\" class=\"wp-image-68980\" style=\"width:24px;height:24px\"\/><\/a><\/figure>\n<\/div>\n\n\n<p class=\"has-text-align-center\"><a href=\"https:\/\/www.facebook.com\/ARQUIMASTER.com.ar\" target=\"_blank\" rel=\"noreferrer noopener\">Facebook<\/a><\/p>\n<\/div>\n\n\n\n<div class=\"wp-block-column is-layout-flow wp-block-column-is-layout-flow\"><div class=\"wp-block-image\">\n<figure class=\"aligncenter size-full is-resized\"><a href=\"https:\/\/www.instagram.com\/arquimasterblog\/\" target=\"_blank\" rel=\"noopener\"><img loading=\"lazy\" decoding=\"async\" width=\"24\" height=\"24\" src=\"https:\/\/www.arquimaster.com.ar\/web\/wp-content\/uploads\/2022\/03\/instagram_24.png\" alt=\"\" class=\"wp-image-68981\" style=\"width:24px;height:24px\"\/><\/a><\/figure>\n<\/div>\n\n\n<p class=\"has-text-align-center\"><a href=\"https:\/\/www.instagram.com\/arquimasterblog\/\" target=\"_blank\" rel=\"noreferrer noopener\">Instagram<\/a><\/p>\n<\/div>\n\n\n\n<div class=\"wp-block-column is-layout-flow wp-block-column-is-layout-flow\"><div class=\"wp-block-image\">\n<figure class=\"aligncenter size-full\"><a href=\"https:\/\/twitter.com\/arquimaster\" target=\"_blank\" rel=\"noopener\"><img loading=\"lazy\" decoding=\"async\" width=\"24\" height=\"24\" src=\"https:\/\/www.arquimaster.com.ar\/web\/wp-content\/uploads\/2022\/03\/twitter_24.png\" alt=\"\" class=\"wp-image-68985\"\/><\/a><\/figure>\n<\/div>\n\n\n<p class=\"has-text-align-center\"><a href=\"https:\/\/x.com\/arquimaster\" target=\"_blank\" rel=\"noreferrer noopener\">X<\/a><\/p>\n<\/div>\n\n\n\n<div class=\"wp-block-column is-layout-flow wp-block-column-is-layout-flow\"><div class=\"wp-block-image\">\n<figure class=\"aligncenter size-full is-resized\"><a href=\"https:\/\/ar.linkedin.com\/in\/arquimaster\" target=\"_blank\" rel=\"noopener\"><img loading=\"lazy\" decoding=\"async\" width=\"24\" height=\"24\" src=\"https:\/\/www.arquimaster.com.ar\/web\/wp-content\/uploads\/2022\/03\/linkedin_24.png\" alt=\"\" class=\"wp-image-68986\" style=\"width:24px;height:24px\"\/><\/a><\/figure>\n<\/div>\n\n\n<p class=\"has-text-align-center\"><a href=\"https:\/\/ar.linkedin.com\/in\/arquimaster\" target=\"_blank\" rel=\"noreferrer noopener\">LinkedIn<\/a><\/p>\n<\/div>\n\n\n\n<div class=\"wp-block-column is-layout-flow wp-block-column-is-layout-flow\"><div class=\"wp-block-image\">\n<figure class=\"aligncenter size-full is-resized\"><a href=\"https:\/\/ar.pinterest.com\/arquimaster\/\" target=\"_blank\" rel=\"noopener\"><img loading=\"lazy\" decoding=\"async\" width=\"24\" height=\"24\" src=\"https:\/\/www.arquimaster.com.ar\/web\/wp-content\/uploads\/2022\/03\/pinterest_24.png\" alt=\"\" class=\"wp-image-68987\" style=\"width:24px;height:24px\"\/><\/a><\/figure>\n<\/div>\n\n\n<p class=\"has-text-align-center\"><a href=\"https:\/\/ar.pinterest.com\/arquimaster\/\" target=\"_blank\" rel=\"noreferrer noopener\">Pinterest<\/a><\/p>\n<\/div>\n<\/div>\n\n\n\n<div style=\"height:20px\" aria-hidden=\"true\" class=\"wp-block-spacer\"><\/div>\n\n\n<h2><strong>Condiciones de uso<br \/><\/strong>Informaci\u00f3n importante<\/h2>\n<p><strong>Acerca del material publicado en este sitio web: Todas las imagenes han sido enviadas por los autores de los respectivos proyectos, empresas o agencias de prensa y publicadas con su permiso. Ocasionalmente utilizamos imagenes de Unsplash y realizadas con IA.<\/strong><\/p>\n<p><strong>Regarding the material published on this website: All images have been submitted by the authors of the respective projects, companies, or press agencies and published with their permission. We occasionally use images from Unsplash and AI-generated images.<\/strong><\/p>\n<p>Arquimaster es una web de arquitectura, dise\u00f1o y construccion.<\/p>\n<p>Arquimaster utiliza servicios publicitarios de terceros para mostrar anuncios cuando visit\u00e1s el sitio web. Estas compa\u00f1\u00edas pueden utilizar informaci\u00f3n (a excepci\u00f3n de tu nombre, direcci\u00f3n de correo electr\u00f3nico o n\u00famero de tel\u00e9fono) sobre tus visitas a \u00e9ste y otros sitios con el prop\u00f3sito de ofrecerte anuncios sobre bienes y servicios que te interesen.<\/p>\n<p>Google utiliza empresas publicitarias asociadas para publicar anuncios cuando los usuarios visitan nuestro sitio web. Es posible que estas empresas usen la informaci\u00f3n que obtienen de las visitas a este y a otros sitios web (sin incluir nombre, direcci\u00f3n, direcci\u00f3n de correo electr\u00f3nico o n\u00famero de tel\u00e9fono) para ofrecer a los usuarios anuncios sobre productos y servicios que les resulten de inter\u00e9s. Si desea obtener m\u00e1s informaci\u00f3n sobre esta pr\u00e1ctica y conocer las opciones de que dispone para impedir que estas empresas usen dicha informaci\u00f3n, haga <a href=\"http:\/\/www.networkadvertising.org\" target=\"_blank\" rel=\"noopener noreferrer\">click aqu\u00ed<\/a>.<\/p>\n<p>Arquimaster no se hace responsable del uso que puedas darle a la informaci\u00f3n aqu\u00ed suministrada ni garantiza el 100% de exactitud de la misma.<\/p>\n<p>Toda persona que visita Arquimaster y hace uso de sus recursos, acepta las condiciones de uso descriptas en esta p\u00e1gina.<\/p>\n<div style=\"font-size: 0px; height: 0px; line-height: 0px; margin: 0; padding: 0; clear: both;\"><\/div>","protected":false},"excerpt":{"rendered":"<p>Para subscribirte al newsletter de Arquimaster completa el siguiente formulario: Peri\u00f3dicamente recibir\u00e1s un resumen de los contenidos m\u00e1s destacados publicados en Arquimaster, adem\u00e1s de promociones y novedades de empresas del sector. Es gratis y puedes desuscribirte cuando lo desees. Redes Sociales \u00danete a la comunidad de Arquimaster clickeando en los \u00edconos de las redes sociales: &#8230; <\/p>\n<p class=\"read-more-container\"><a title=\"Suscripci\u00f3n a Newsletter\" class=\"read-more button\" href=\"https:\/\/www.arquimaster.com.ar\/web\/newsletter\/#more-162\">M\u00e1s info y fotos&#8230;<span class=\"screen-reader-text\">Suscripci\u00f3n a Newsletter<\/span><\/a><\/p>\n","protected":false},"author":1,"featured_media":0,"parent":0,"menu_order":0,"comment_status":"closed","ping_status":"closed","template":"","meta":{"_uag_custom_page_level_css":"","footnotes":""},"class_list":["post-162","page","type-page","status-publish"],"yoast_head":"<!-- This site is optimized with the Yoast SEO plugin v27.3 - https:\/\/yoast.com\/product\/yoast-seo-wordpress\/ -->\n<title>Suscripci\u00f3n a Newsletter - Arquimaster<\/title>\n<meta name=\"robots\" content=\"index, follow, max-snippet:-1, max-image-preview:large, max-video-preview:-1\" \/>\n<link rel=\"canonical\" href=\"https:\/\/www.arquimaster.com.ar\/web\/newsletter\/\" \/>\n<meta property=\"og:locale\" content=\"es_ES\" \/>\n<meta property=\"og:type\" content=\"article\" \/>\n<meta property=\"og:title\" content=\"Suscripci\u00f3n a Newsletter - Arquimaster\" \/>\n<meta property=\"og:description\" content=\"Para subscribirte al newsletter de Arquimaster completa el siguiente formulario: Peri\u00f3dicamente recibir\u00e1s un resumen de los contenidos m\u00e1s destacados publicados en Arquimaster, adem\u00e1s de promociones y novedades de empresas del sector. Es gratis y puedes desuscribirte cuando lo desees. Redes Sociales \u00danete a la comunidad de Arquimaster clickeando en los \u00edconos de las redes sociales: ... M\u00e1s info y fotos...Suscripci\u00f3n a Newsletter\" \/>\n<meta property=\"og:url\" content=\"https:\/\/www.arquimaster.com.ar\/web\/newsletter\/\" \/>\n<meta property=\"og:site_name\" content=\"Arquimaster\" \/>\n<meta property=\"article:publisher\" content=\"http:\/\/www.facebook.com\/ARQUIMASTER.com.ar\" \/>\n<meta property=\"article:modified_time\" content=\"2026-03-15T19:32:26+00:00\" \/>\n<meta property=\"og:image\" content=\"https:\/\/www.arquimaster.com.ar\/web\/wp-content\/uploads\/2022\/03\/facebook_24.png\" \/>\n\t<meta property=\"og:image:width\" content=\"24\" \/>\n\t<meta property=\"og:image:height\" content=\"24\" \/>\n\t<meta property=\"og:image:type\" content=\"image\/png\" \/>\n<meta name=\"twitter:card\" content=\"summary_large_image\" \/>\n<meta name=\"twitter:site\" content=\"@arquimaster\" \/>\n<meta name=\"twitter:label1\" content=\"Tiempo de lectura\" \/>\n\t<meta name=\"twitter:data1\" content=\"3 minutos\" \/>\n<script type=\"application\/ld+json\" class=\"yoast-schema-graph\">{\"@context\":\"https:\\\/\\\/schema.org\",\"@graph\":[{\"@type\":\"WebPage\",\"@id\":\"https:\\\/\\\/www.arquimaster.com.ar\\\/web\\\/newsletter\\\/\",\"url\":\"https:\\\/\\\/www.arquimaster.com.ar\\\/web\\\/newsletter\\\/\",\"name\":\"Suscripci\u00f3n a Newsletter - Arquimaster\",\"isPartOf\":{\"@id\":\"https:\\\/\\\/www.arquimaster.com.ar\\\/web\\\/#website\"},\"primaryImageOfPage\":{\"@id\":\"https:\\\/\\\/www.arquimaster.com.ar\\\/web\\\/newsletter\\\/#primaryimage\"},\"image\":{\"@id\":\"https:\\\/\\\/www.arquimaster.com.ar\\\/web\\\/newsletter\\\/#primaryimage\"},\"thumbnailUrl\":\"https:\\\/\\\/www.arquimaster.com.ar\\\/web\\\/wp-content\\\/uploads\\\/2022\\\/03\\\/facebook_24.png\",\"datePublished\":\"2013-12-18T18:53:39+00:00\",\"dateModified\":\"2026-03-15T19:32:26+00:00\",\"breadcrumb\":{\"@id\":\"https:\\\/\\\/www.arquimaster.com.ar\\\/web\\\/newsletter\\\/#breadcrumb\"},\"inLanguage\":\"es\",\"potentialAction\":[{\"@type\":\"ReadAction\",\"target\":[\"https:\\\/\\\/www.arquimaster.com.ar\\\/web\\\/newsletter\\\/\"]}]},{\"@type\":\"ImageObject\",\"inLanguage\":\"es\",\"@id\":\"https:\\\/\\\/www.arquimaster.com.ar\\\/web\\\/newsletter\\\/#primaryimage\",\"url\":\"https:\\\/\\\/www.arquimaster.com.ar\\\/web\\\/wp-content\\\/uploads\\\/2022\\\/03\\\/facebook_24.png\",\"contentUrl\":\"https:\\\/\\\/www.arquimaster.com.ar\\\/web\\\/wp-content\\\/uploads\\\/2022\\\/03\\\/facebook_24.png\",\"width\":24,\"height\":24,\"caption\":\"Arquimaster en Facebook\"},{\"@type\":\"BreadcrumbList\",\"@id\":\"https:\\\/\\\/www.arquimaster.com.ar\\\/web\\\/newsletter\\\/#breadcrumb\",\"itemListElement\":[{\"@type\":\"ListItem\",\"position\":1,\"name\":\"Portada\",\"item\":\"https:\\\/\\\/www.arquimaster.com.ar\\\/web\\\/\"},{\"@type\":\"ListItem\",\"position\":2,\"name\":\"Suscripci\u00f3n a Newsletter\"}]},{\"@type\":\"WebSite\",\"@id\":\"https:\\\/\\\/www.arquimaster.com.ar\\\/web\\\/#website\",\"url\":\"https:\\\/\\\/www.arquimaster.com.ar\\\/web\\\/\",\"name\":\"Arquimaster\",\"description\":\"Web de arquitectura, dise\u00f1o y construccion\",\"publisher\":{\"@id\":\"https:\\\/\\\/www.arquimaster.com.ar\\\/web\\\/#organization\"},\"potentialAction\":[{\"@type\":\"SearchAction\",\"target\":{\"@type\":\"EntryPoint\",\"urlTemplate\":\"https:\\\/\\\/www.arquimaster.com.ar\\\/web\\\/?s={search_term_string}\"},\"query-input\":{\"@type\":\"PropertyValueSpecification\",\"valueRequired\":true,\"valueName\":\"search_term_string\"}}],\"inLanguage\":\"es\"},{\"@type\":\"Organization\",\"@id\":\"https:\\\/\\\/www.arquimaster.com.ar\\\/web\\\/#organization\",\"name\":\"Arquimaster\",\"url\":\"https:\\\/\\\/www.arquimaster.com.ar\\\/web\\\/\",\"logo\":{\"@type\":\"ImageObject\",\"inLanguage\":\"es\",\"@id\":\"https:\\\/\\\/www.arquimaster.com.ar\\\/web\\\/#\\\/schema\\\/logo\\\/image\\\/\",\"url\":\"https:\\\/\\\/www.arquimaster.com.ar\\\/web\\\/wp-content\\\/uploads\\\/2022\\\/06\\\/arquimaster.png\",\"contentUrl\":\"https:\\\/\\\/www.arquimaster.com.ar\\\/web\\\/wp-content\\\/uploads\\\/2022\\\/06\\\/arquimaster.png\",\"width\":594,\"height\":78,\"caption\":\"Arquimaster\"},\"image\":{\"@id\":\"https:\\\/\\\/www.arquimaster.com.ar\\\/web\\\/#\\\/schema\\\/logo\\\/image\\\/\"},\"sameAs\":[\"http:\\\/\\\/www.facebook.com\\\/ARQUIMASTER.com.ar\",\"https:\\\/\\\/x.com\\\/arquimaster\",\"https:\\\/\\\/www.instagram.com\\\/arquimasterblog\\\/\",\"https:\\\/\\\/www.linkedin.com\\\/company\\\/arquimaster\",\"https:\\\/\\\/www.pinterest.com\\\/arquimaster\",\"https:\\\/\\\/t.me\\\/arquimaster\"]}]}<\/script>\n<!-- \/ Yoast SEO plugin. -->","yoast_head_json":{"title":"Suscripci\u00f3n a Newsletter - Arquimaster","robots":{"index":"index","follow":"follow","max-snippet":"max-snippet:-1","max-image-preview":"max-image-preview:large","max-video-preview":"max-video-preview:-1"},"canonical":"https:\/\/www.arquimaster.com.ar\/web\/newsletter\/","og_locale":"es_ES","og_type":"article","og_title":"Suscripci\u00f3n a Newsletter - Arquimaster","og_description":"Para subscribirte al newsletter de Arquimaster completa el siguiente formulario: Peri\u00f3dicamente recibir\u00e1s un resumen de los contenidos m\u00e1s destacados publicados en Arquimaster, adem\u00e1s de promociones y novedades de empresas del sector. Es gratis y puedes desuscribirte cuando lo desees. Redes Sociales \u00danete a la comunidad de Arquimaster clickeando en los \u00edconos de las redes sociales: ... M\u00e1s info y fotos...Suscripci\u00f3n a Newsletter","og_url":"https:\/\/www.arquimaster.com.ar\/web\/newsletter\/","og_site_name":"Arquimaster","article_publisher":"http:\/\/www.facebook.com\/ARQUIMASTER.com.ar","article_modified_time":"2026-03-15T19:32:26+00:00","og_image":[{"width":24,"height":24,"url":"https:\/\/www.arquimaster.com.ar\/web\/wp-content\/uploads\/2022\/03\/facebook_24.png","type":"image\/png"}],"twitter_card":"summary_large_image","twitter_site":"@arquimaster","twitter_misc":{"Tiempo de lectura":"3 minutos"},"schema":{"@context":"https:\/\/schema.org","@graph":[{"@type":"WebPage","@id":"https:\/\/www.arquimaster.com.ar\/web\/newsletter\/","url":"https:\/\/www.arquimaster.com.ar\/web\/newsletter\/","name":"Suscripci\u00f3n a Newsletter - Arquimaster","isPartOf":{"@id":"https:\/\/www.arquimaster.com.ar\/web\/#website"},"primaryImageOfPage":{"@id":"https:\/\/www.arquimaster.com.ar\/web\/newsletter\/#primaryimage"},"image":{"@id":"https:\/\/www.arquimaster.com.ar\/web\/newsletter\/#primaryimage"},"thumbnailUrl":"https:\/\/www.arquimaster.com.ar\/web\/wp-content\/uploads\/2022\/03\/facebook_24.png","datePublished":"2013-12-18T18:53:39+00:00","dateModified":"2026-03-15T19:32:26+00:00","breadcrumb":{"@id":"https:\/\/www.arquimaster.com.ar\/web\/newsletter\/#breadcrumb"},"inLanguage":"es","potentialAction":[{"@type":"ReadAction","target":["https:\/\/www.arquimaster.com.ar\/web\/newsletter\/"]}]},{"@type":"ImageObject","inLanguage":"es","@id":"https:\/\/www.arquimaster.com.ar\/web\/newsletter\/#primaryimage","url":"https:\/\/www.arquimaster.com.ar\/web\/wp-content\/uploads\/2022\/03\/facebook_24.png","contentUrl":"https:\/\/www.arquimaster.com.ar\/web\/wp-content\/uploads\/2022\/03\/facebook_24.png","width":24,"height":24,"caption":"Arquimaster en Facebook"},{"@type":"BreadcrumbList","@id":"https:\/\/www.arquimaster.com.ar\/web\/newsletter\/#breadcrumb","itemListElement":[{"@type":"ListItem","position":1,"name":"Portada","item":"https:\/\/www.arquimaster.com.ar\/web\/"},{"@type":"ListItem","position":2,"name":"Suscripci\u00f3n a Newsletter"}]},{"@type":"WebSite","@id":"https:\/\/www.arquimaster.com.ar\/web\/#website","url":"https:\/\/www.arquimaster.com.ar\/web\/","name":"Arquimaster","description":"Web de arquitectura, dise\u00f1o y construccion","publisher":{"@id":"https:\/\/www.arquimaster.com.ar\/web\/#organization"},"potentialAction":[{"@type":"SearchAction","target":{"@type":"EntryPoint","urlTemplate":"https:\/\/www.arquimaster.com.ar\/web\/?s={search_term_string}"},"query-input":{"@type":"PropertyValueSpecification","valueRequired":true,"valueName":"search_term_string"}}],"inLanguage":"es"},{"@type":"Organization","@id":"https:\/\/www.arquimaster.com.ar\/web\/#organization","name":"Arquimaster","url":"https:\/\/www.arquimaster.com.ar\/web\/","logo":{"@type":"ImageObject","inLanguage":"es","@id":"https:\/\/www.arquimaster.com.ar\/web\/#\/schema\/logo\/image\/","url":"https:\/\/www.arquimaster.com.ar\/web\/wp-content\/uploads\/2022\/06\/arquimaster.png","contentUrl":"https:\/\/www.arquimaster.com.ar\/web\/wp-content\/uploads\/2022\/06\/arquimaster.png","width":594,"height":78,"caption":"Arquimaster"},"image":{"@id":"https:\/\/www.arquimaster.com.ar\/web\/#\/schema\/logo\/image\/"},"sameAs":["http:\/\/www.facebook.com\/ARQUIMASTER.com.ar","https:\/\/x.com\/arquimaster","https:\/\/www.instagram.com\/arquimasterblog\/","https:\/\/www.linkedin.com\/company\/arquimaster","https:\/\/www.pinterest.com\/arquimaster","https:\/\/t.me\/arquimaster"]}]}},"uagb_featured_image_src":{"full":false,"thumbnail":false,"medium":false,"medium_large":false,"large":false,"1536x1536":false,"2048x2048":false},"uagb_author_info":{"display_name":"Arquimaster","author_link":"https:\/\/www.arquimaster.com.ar\/web\/author\/arquimaster\/"},"uagb_comment_info":0,"uagb_excerpt":"Para subscribirte al newsletter de Arquimaster completa el siguiente formulario: Peri\u00f3dicamente recibir\u00e1s un resumen de los contenidos m\u00e1s destacados publicados en Arquimaster, adem\u00e1s de promociones y novedades de empresas del sector. Es gratis y puedes desuscribirte cuando lo desees. Redes Sociales \u00danete a la comunidad de Arquimaster clickeando en los \u00edconos de las redes sociales:&hellip;","_links":{"self":[{"href":"https:\/\/www.arquimaster.com.ar\/web\/wp-json\/wp\/v2\/pages\/162","targetHints":{"allow":["GET"]}}],"collection":[{"href":"https:\/\/www.arquimaster.com.ar\/web\/wp-json\/wp\/v2\/pages"}],"about":[{"href":"https:\/\/www.arquimaster.com.ar\/web\/wp-json\/wp\/v2\/types\/page"}],"author":[{"embeddable":true,"href":"https:\/\/www.arquimaster.com.ar\/web\/wp-json\/wp\/v2\/users\/1"}],"replies":[{"embeddable":true,"href":"https:\/\/www.arquimaster.com.ar\/web\/wp-json\/wp\/v2\/comments?post=162"}],"version-history":[{"count":82,"href":"https:\/\/www.arquimaster.com.ar\/web\/wp-json\/wp\/v2\/pages\/162\/revisions"}],"predecessor-version":[{"id":87716,"href":"https:\/\/www.arquimaster.com.ar\/web\/wp-json\/wp\/v2\/pages\/162\/revisions\/87716"}],"wp:attachment":[{"href":"https:\/\/www.arquimaster.com.ar\/web\/wp-json\/wp\/v2\/media?parent=162"}],"curies":[{"name":"wp","href":"https:\/\/api.w.org\/{rel}","templated":true}]}}